{"id":2251,"date":"2023-04-30T14:37:04","date_gmt":"2023-04-30T13:37:04","guid":{"rendered":"https:\/\/www.moutard.de\/wordpress\/?page_id=2251"},"modified":"2025-11-28T16:47:53","modified_gmt":"2025-11-28T15:47:53","slug":"strategie","status":"publish","type":"page","link":"https:\/\/www.moutard.de\/wordpress\/schach\/training\/strategie\/","title":{"rendered":"strategie"},"content":{"rendered":"<p><!-- strategie.html --><\/p>\n<p style=\"text-align:right;\"><a class=\"nav2\" href=\"https:\/\/www.moutard.de\/wordpress\/schach\/training\/\">Startseite<\/a><\/p>\n<p class=\"titel1\">Strategie mit Moutard<\/p>\n<div class=\"gliederung2\">\n<div>\n<p class=\"titel3\">Schachstrategie<\/p>\n<p>Strategie im Schach ist die Kunst, seine Figuren so clever hinzustellen, dass taktische Schl\u00e4ge m\u00f6glich werden. Denn nur dann, wenn der Gegner einen groben Fehler macht, sind taktische Gewinnman\u00f6ver Gl\u00fcck. Meistens sind sie von langer Hand vorbereitet worden. Darum geht es in diesem Kapitel.<\/p>\n<p><a class=\"nav2\" href=\"https:\/\/www.moutard.de\/wordpress\/wp-content\/uploads\/2023\/04\/party.pdf\">Alle Kinder wollen zur Party!<\/a> \u2192 18 Aufgaben<br \/>\n<a class=\"nav2\" href=\"https:\/\/lichess.org\/study\/GLDT0UAW\">Minorit\u00e4tsangriff<\/a> \u2192 8 Beispielpartien<br \/>\n<a class=\"nav2\" href=\"https:\/\/www.moutard.de\/wordpress\/wp-content\/uploads\/2023\/05\/entwicklungsvorsprung.pdf\">Entwicklungsvorsprung<\/a> \u2192 6 Beispielpartien<br \/>\n<a class=\"nav2\" href=\"https:\/\/lichess.org\/study\/7ELpNIEs\/Wb37foDw\">Das L\u00e4uferpaar<\/a> \u2192 22 Beispielpartien<\/p>\n<\/p><\/div>\n<\/div>\n<p><!-- es folgt \"angepasstes CSS\" = css-jede-seite-individuell.css --><\/p>\n","protected":false},"excerpt":{"rendered":"<p>Startseite Strategie mit Moutard Schachstrategie Strategie im Schach ist die Kunst, seine Figuren so clever hinzustellen, dass taktische Schl\u00e4ge m\u00f6glich werden. Denn nur dann, wenn [&#8230;]<\/p>\n","protected":false},"author":1,"featured_media":0,"parent":1952,"menu_order":0,"comment_status":"closed","ping_status":"closed","template":"blank-slate-template.php","meta":{"footnotes":""},"class_list":["post-2251","page","type-page","status-publish","hentry"],"_links":{"self":[{"href":"https:\/\/www.moutard.de\/wordpress\/wp-json\/wp\/v2\/pages\/2251","targetHints":{"allow":["GET"]}}],"collection":[{"href":"https:\/\/www.moutard.de\/wordpress\/wp-json\/wp\/v2\/pages"}],"about":[{"href":"https:\/\/www.moutard.de\/wordpress\/wp-json\/wp\/v2\/types\/page"}],"author":[{"embeddable":true,"href":"https:\/\/www.moutard.de\/wordpress\/wp-json\/wp\/v2\/users\/1"}],"replies":[{"embeddable":true,"href":"https:\/\/www.moutard.de\/wordpress\/wp-json\/wp\/v2\/comments?post=2251"}],"version-history":[{"count":6,"href":"https:\/\/www.moutard.de\/wordpress\/wp-json\/wp\/v2\/pages\/2251\/revisions"}],"predecessor-version":[{"id":2404,"href":"https:\/\/www.moutard.de\/wordpress\/wp-json\/wp\/v2\/pages\/2251\/revisions\/2404"}],"up":[{"embeddable":true,"href":"https:\/\/www.moutard.de\/wordpress\/wp-json\/wp\/v2\/pages\/1952"}],"wp:attachment":[{"href":"https:\/\/www.moutard.de\/wordpress\/wp-json\/wp\/v2\/media?parent=2251"}],"curies":[{"name":"wp","href":"https:\/\/api.w.org\/{rel}","templated":true}]}}