{"id":1806,"date":"2022-02-09T21:01:11","date_gmt":"2022-02-09T20:01:11","guid":{"rendered":"https:\/\/www.moutard.de\/wordpress\/?page_id=1806"},"modified":"2022-02-09T21:05:45","modified_gmt":"2022-02-09T20:05:45","slug":"1806-2","status":"publish","type":"page","link":"https:\/\/www.moutard.de\/wordpress\/1806-2\/","title":{"rendered":"Gedichte"},"content":{"rendered":"<div class=\"wp-block-themezee-magazine-blocks-grid tz-magazine-block \"><div class=\"tz-magazine-grid-columns tz-magazine-grid-columns-3\"><div class=\"tz-post-wrap\"><article id=\"post-2274\" class=\"tz-magazine-post post-2274 post tz-type-post status-publish format-standard has-post-thumbnail hentry category-deutsch category-gedichte category-literatur\"><figure class=\"tz-entry-image entry-image\"><a href=\"https:\/\/www.moutard.de\/wordpress\/die-beste-strophe-des-besten-deutschen-dichters\/\" rel=\"bookmark\"><img loading=\"lazy\" decoding=\"async\" width=\"800\" height=\"590\" src=\"https:\/\/www.moutard.de\/wordpress\/wp-content\/uploads\/2023\/06\/hoelderlin-f.jpg\" class=\"attachment-full size-full wp-post-image\" alt=\"\" \/><\/a><\/figure><header class=\"tz-entry-header entry-header\"><h2 class=\"tz-entry-title entry-title\"><a href=\"https:\/\/www.moutard.de\/wordpress\/die-beste-strophe-des-besten-deutschen-dichters\/\" rel=\"bookmark\">Die beste Strophe des besten deutschen Dichters<\/a><\/h2><div class=\"tz-entry-meta entry-meta\"><span class=\"tz-meta-date meta-date tz-meta-field\"><a href=\"https:\/\/www.moutard.de\/wordpress\/die-beste-strophe-des-besten-deutschen-dichters\/\" title=\"17:45\" rel=\"bookmark\">16.06.2023<\/a><\/span><span class=\"tz-meta-author meta-author tz-meta-field author vcard\"><a class=\"url fn n\" href=\"https:\/\/www.moutard.de\/wordpress\/author\/moutard\/\" title=\"Alle Beitr\u00e4ge von Moutard anzeigen\" rel=\"author\">Moutard<\/a><\/span><\/div><\/header><div class=\"tz-entry-content entry-content\"><p>Ich verneige mich vor ihm. Wir haben so viel verpasst. H\u00e4tten wir ihn gelesen und nicht diese anderen Machwerke, in denen uns Wohlanst\u00e4ndigkeit und Pflichtbewusstsein <span class=\"tz-excerpt-more\">[&hellip;]<\/span><\/p><p class=\"tz-read-more read-more\"><a href=\"https:\/\/www.moutard.de\/wordpress\/die-beste-strophe-des-besten-deutschen-dichters\/\" class=\"tz-more-link more-link\" rel=\"bookmark\">Weiterlesen<\/a><\/p><\/div><\/article><\/div><div class=\"tz-post-wrap\"><article id=\"post-2230\" class=\"tz-magazine-post post-2230 post tz-type-post status-publish format-standard has-post-thumbnail hentry category-deutsch category-gedichte category-literatur category-satire\"><figure class=\"tz-entry-image entry-image\"><a href=\"https:\/\/www.moutard.de\/wordpress\/die-10-gebote-der-interpretation\/\" rel=\"bookmark\"><img loading=\"lazy\" decoding=\"async\" width=\"600\" height=\"400\" src=\"https:\/\/www.moutard.de\/wordpress\/wp-content\/uploads\/2023\/02\/einkaufswagenraeder.jpg\" class=\"attachment-full size-full wp-post-image\" alt=\"\" \/><\/a><\/figure><header class=\"tz-entry-header entry-header\"><h2 class=\"tz-entry-title entry-title\"><a href=\"https:\/\/www.moutard.de\/wordpress\/die-10-gebote-der-interpretation\/\" rel=\"bookmark\">Die 10 Gebote der Interpretation<\/a><\/h2><div class=\"tz-entry-meta entry-meta\"><span class=\"tz-meta-date meta-date tz-meta-field\"><a href=\"https:\/\/www.moutard.de\/wordpress\/die-10-gebote-der-interpretation\/\" title=\"9:39\" rel=\"bookmark\">27.02.2023<\/a><\/span><span class=\"tz-meta-author meta-author tz-meta-field author vcard\"><a class=\"url fn n\" href=\"https:\/\/www.moutard.de\/wordpress\/author\/moutard\/\" title=\"Alle Beitr\u00e4ge von Moutard anzeigen\" rel=\"author\">Moutard<\/a><\/span><\/div><\/header><div class=\"tz-entry-content entry-content\"><p>Mehr gibt&#039;s nicht zu beachten. 1Du sollst nicht langweilen. 2Du sollst gut schreiben: im Pr\u00e4sens, knapp und rund und in sich stimmig. 3Du sollst nichts <span class=\"tz-excerpt-more\">[&hellip;]<\/span><\/p><p class=\"tz-read-more read-more\"><a href=\"https:\/\/www.moutard.de\/wordpress\/die-10-gebote-der-interpretation\/\" class=\"tz-more-link more-link\" rel=\"bookmark\">Weiterlesen<\/a><\/p><\/div><\/article><\/div><div class=\"tz-post-wrap\"><article id=\"post-1482\" class=\"tz-magazine-post post-1482 post tz-type-post status-publish format-standard has-post-thumbnail hentry category-deutsch category-gedichte category-literatur category-satire\"><figure class=\"tz-entry-image entry-image\"><a href=\"https:\/\/www.moutard.de\/wordpress\/gedichte-sind-verschwoerungen\/\" rel=\"bookmark\"><img loading=\"lazy\" decoding=\"async\" width=\"1600\" height=\"1200\" src=\"https:\/\/www.moutard.de\/wordpress\/wp-content\/uploads\/2019\/02\/regal.jpg\" class=\"attachment-full size-full wp-post-image\" alt=\"\" \/><\/a><\/figure><header class=\"tz-entry-header entry-header\"><h2 class=\"tz-entry-title entry-title\"><a href=\"https:\/\/www.moutard.de\/wordpress\/gedichte-sind-verschwoerungen\/\" rel=\"bookmark\">Gedichte sind Verschw\u00f6rungen<\/a><\/h2><div class=\"tz-entry-meta entry-meta\"><span class=\"tz-meta-date meta-date tz-meta-field\"><a href=\"https:\/\/www.moutard.de\/wordpress\/gedichte-sind-verschwoerungen\/\" title=\"21:38\" rel=\"bookmark\">28.02.2019<\/a><\/span><span class=\"tz-meta-author meta-author tz-meta-field author vcard\"><a class=\"url fn n\" href=\"https:\/\/www.moutard.de\/wordpress\/author\/moutard\/\" title=\"Alle Beitr\u00e4ge von Moutard anzeigen\" rel=\"author\">Moutard<\/a><\/span><\/div><\/header><div class=\"tz-entry-content entry-content\"><p>Man ahnt es schon lange, aber nun habe ich durch scharfes Nachdenken den Beweis gefunden. Genauso wie Verschw\u00f6rungstheorien sich dadurch auszeichnen, dass sie hinter harmlosen <span class=\"tz-excerpt-more\">[&hellip;]<\/span><\/p><p class=\"tz-read-more read-more\"><a href=\"https:\/\/www.moutard.de\/wordpress\/gedichte-sind-verschwoerungen\/\" class=\"tz-more-link more-link\" rel=\"bookmark\">Weiterlesen<\/a><\/p><\/div><\/article><\/div><div class=\"tz-post-wrap\"><article id=\"post-1447\" class=\"tz-magazine-post post-1447 post tz-type-post status-publish format-standard has-post-thumbnail hentry category-gedichte category-literatur\"><figure class=\"tz-entry-image entry-image\"><a href=\"https:\/\/www.moutard.de\/wordpress\/von-der-liebe\/\" rel=\"bookmark\"><img loading=\"lazy\" decoding=\"async\" width=\"600\" height=\"420\" src=\"https:\/\/www.moutard.de\/wordpress\/wp-content\/uploads\/2018\/06\/foliesbergeres.jpg\" class=\"attachment-full size-full wp-post-image\" alt=\"\" \/><\/a><\/figure><header class=\"tz-entry-header entry-header\"><h2 class=\"tz-entry-title entry-title\"><a href=\"https:\/\/www.moutard.de\/wordpress\/von-der-liebe\/\" rel=\"bookmark\">Von der Liebe<\/a><\/h2><div class=\"tz-entry-meta entry-meta\"><span class=\"tz-meta-date meta-date tz-meta-field\"><a href=\"https:\/\/www.moutard.de\/wordpress\/von-der-liebe\/\" title=\"23:19\" rel=\"bookmark\">24.06.2018<\/a><\/span><span class=\"tz-meta-author meta-author tz-meta-field author vcard\"><a class=\"url fn n\" href=\"https:\/\/www.moutard.de\/wordpress\/author\/moutard\/\" title=\"Alle Beitr\u00e4ge von Moutard anzeigen\" rel=\"author\">Moutard<\/a><\/span><\/div><\/header><div class=\"tz-entry-content entry-content\"><p>So etwas \u00c4hnliches habe ich einmal beim gro\u00dfen BB gelesen &#8230; Kleinodien Von den Tausend, der Sassa. Von der Leistung, die Glanz. Von der M\u00fchle, <span class=\"tz-excerpt-more\">[&hellip;]<\/span><\/p><p class=\"tz-read-more read-more\"><a href=\"https:\/\/www.moutard.de\/wordpress\/von-der-liebe\/\" class=\"tz-more-link more-link\" rel=\"bookmark\">Weiterlesen<\/a><\/p><\/div><\/article><\/div><div class=\"tz-post-wrap\"><article id=\"post-1437\" class=\"tz-magazine-post post-1437 post tz-type-post status-publish format-standard has-post-thumbnail hentry category-deutsch category-gedichte category-literatur\"><figure class=\"tz-entry-image entry-image\"><a href=\"https:\/\/www.moutard.de\/wordpress\/leider-gilt-dieses-gedicht-nicht-mehr\/\" rel=\"bookmark\"><img loading=\"lazy\" decoding=\"async\" width=\"600\" height=\"420\" src=\"https:\/\/www.moutard.de\/wordpress\/wp-content\/uploads\/2018\/04\/Schiller600-420.jpg\" class=\"attachment-full size-full wp-post-image\" alt=\"\" \/><\/a><\/figure><header class=\"tz-entry-header entry-header\"><h2 class=\"tz-entry-title entry-title\"><a href=\"https:\/\/www.moutard.de\/wordpress\/leider-gilt-dieses-gedicht-nicht-mehr\/\" rel=\"bookmark\">Leider gilt dieses Gedicht nicht mehr<\/a><\/h2><div class=\"tz-entry-meta entry-meta\"><span class=\"tz-meta-date meta-date tz-meta-field\"><a href=\"https:\/\/www.moutard.de\/wordpress\/leider-gilt-dieses-gedicht-nicht-mehr\/\" title=\"9:36\" rel=\"bookmark\">13.04.2018<\/a><\/span><span class=\"tz-meta-author meta-author tz-meta-field author vcard\"><a class=\"url fn n\" href=\"https:\/\/www.moutard.de\/wordpress\/author\/moutard\/\" title=\"Alle Beitr\u00e4ge von Moutard anzeigen\" rel=\"author\">Moutard<\/a><\/span><\/div><\/header><div class=\"tz-entry-content entry-content\"><p>Leider gilt dieses Gedicht nicht mehr, denken sich manche, die es noch nicht einmal kennen. Jener Text, den alle deutschen Kinder zwischen 1800 und 1950 <span class=\"tz-excerpt-more\">[&hellip;]<\/span><\/p><p class=\"tz-read-more read-more\"><a href=\"https:\/\/www.moutard.de\/wordpress\/leider-gilt-dieses-gedicht-nicht-mehr\/\" class=\"tz-more-link more-link\" rel=\"bookmark\">Weiterlesen<\/a><\/p><\/div><\/article><\/div><div class=\"tz-post-wrap\"><article id=\"post-1364\" class=\"tz-magazine-post post-1364 post tz-type-post status-publish format-standard has-post-thumbnail hentry category-gedichte\"><figure class=\"tz-entry-image entry-image\"><a href=\"https:\/\/www.moutard.de\/wordpress\/gartengedichte\/\" rel=\"bookmark\"><img loading=\"lazy\" decoding=\"async\" width=\"5152\" height=\"3864\" src=\"https:\/\/www.moutard.de\/wordpress\/wp-content\/uploads\/2018\/03\/Garten.jpg\" class=\"attachment-full size-full wp-post-image\" alt=\"\" \/><\/a><\/figure><header class=\"tz-entry-header entry-header\"><h2 class=\"tz-entry-title entry-title\"><a href=\"https:\/\/www.moutard.de\/wordpress\/gartengedichte\/\" rel=\"bookmark\">Gartengedichte<\/a><\/h2><div class=\"tz-entry-meta entry-meta\"><span class=\"tz-meta-date meta-date tz-meta-field\"><a href=\"https:\/\/www.moutard.de\/wordpress\/gartengedichte\/\" title=\"17:15\" rel=\"bookmark\">18.03.2018<\/a><\/span><span class=\"tz-meta-author meta-author tz-meta-field author vcard\"><a class=\"url fn n\" href=\"https:\/\/www.moutard.de\/wordpress\/author\/moutard\/\" title=\"Alle Beitr\u00e4ge von Moutard anzeigen\" rel=\"author\">Moutard<\/a><\/span><\/div><\/header><div class=\"tz-entry-content entry-content\"><p>Jan Wagner bekommt den B\u00fcchnerpreis, den Preis, der nach dem Verfasser des &quot;Hessischen Landboten&quot; benannt ist, der jene verr\u00fcckte Novelle &quot;Lenz&quot; gegen alle Wohlanst\u00e4ndigkeit geschrieben <span class=\"tz-excerpt-more\">[&hellip;]<\/span><\/p><p class=\"tz-read-more read-more\"><a href=\"https:\/\/www.moutard.de\/wordpress\/gartengedichte\/\" class=\"tz-more-link more-link\" rel=\"bookmark\">Weiterlesen<\/a><\/p><\/div><\/article><\/div><div class=\"tz-post-wrap\"><article id=\"post-1416\" class=\"tz-magazine-post post-1416 post tz-type-post status-publish format-standard hentry category-gedichte\"><figure class=\"tz-entry-image entry-image\"><a href=\"https:\/\/www.moutard.de\/wordpress\/schule-ohne-rassismus\/\" rel=\"bookmark\"><img loading=\"lazy\" decoding=\"async\" src=\"https:\/\/www.moutard.de\/wordpress\/wp-content\/plugins\/themezee-magazine-blocks\/public\/images\/default-featured-image.png\" class=\"attachment-full size-full wp-post-image\" width=\"1600\" height=\"1200\" alt \/><\/a><\/figure><header class=\"tz-entry-header entry-header\"><h2 class=\"tz-entry-title entry-title\"><a href=\"https:\/\/www.moutard.de\/wordpress\/schule-ohne-rassismus\/\" rel=\"bookmark\">Schule ohne Rassismus<\/a><\/h2><div class=\"tz-entry-meta entry-meta\"><span class=\"tz-meta-date meta-date tz-meta-field\"><a href=\"https:\/\/www.moutard.de\/wordpress\/schule-ohne-rassismus\/\" title=\"18:11\" rel=\"bookmark\">15.11.2017<\/a><\/span><span class=\"tz-meta-author meta-author tz-meta-field author vcard\"><a class=\"url fn n\" href=\"https:\/\/www.moutard.de\/wordpress\/author\/moutard\/\" title=\"Alle Beitr\u00e4ge von Moutard anzeigen\" rel=\"author\">Moutard<\/a><\/span><\/div><\/header><div class=\"tz-entry-content entry-content\"><p>Auf jeder, auf wirklich jeder Schulwebseite klebt mittlerweile der Button: Schule ohne Rassismus &#8211; Schule mit Courage. Das gibt zu denken. Denn wor\u00fcber so penetrant <span class=\"tz-excerpt-more\">[&hellip;]<\/span><\/p><p class=\"tz-read-more read-more\"><a href=\"https:\/\/www.moutard.de\/wordpress\/schule-ohne-rassismus\/\" class=\"tz-more-link more-link\" rel=\"bookmark\">Weiterlesen<\/a><\/p><\/div><\/article><\/div><div class=\"tz-post-wrap\"><article id=\"post-1402\" class=\"tz-magazine-post post-1402 post tz-type-post status-publish format-standard has-post-thumbnail hentry category-gedichte category-literatur\"><figure class=\"tz-entry-image entry-image\"><a href=\"https:\/\/www.moutard.de\/wordpress\/hab-keine-krone\/\" rel=\"bookmark\"><img loading=\"lazy\" decoding=\"async\" width=\"1200\" height=\"840\" src=\"https:\/\/www.moutard.de\/wordpress\/wp-content\/uploads\/2017\/10\/hammer.jpg\" class=\"attachment-full size-full wp-post-image\" alt=\"\" \/><\/a><\/figure><header class=\"tz-entry-header entry-header\"><h2 class=\"tz-entry-title entry-title\"><a href=\"https:\/\/www.moutard.de\/wordpress\/hab-keine-krone\/\" rel=\"bookmark\">Hab keine Krone<\/a><\/h2><div class=\"tz-entry-meta entry-meta\"><span class=\"tz-meta-date meta-date tz-meta-field\"><a href=\"https:\/\/www.moutard.de\/wordpress\/hab-keine-krone\/\" title=\"15:36\" rel=\"bookmark\">01.10.2017<\/a><\/span><span class=\"tz-meta-author meta-author tz-meta-field author vcard\"><a class=\"url fn n\" href=\"https:\/\/www.moutard.de\/wordpress\/author\/moutard\/\" title=\"Alle Beitr\u00e4ge von Moutard anzeigen\" rel=\"author\">Moutard<\/a><\/span><\/div><\/header><div class=\"tz-entry-content entry-content\"><p>Nach dem alten Simrock. hab keine krone und brech keinen zacken bin weder der amboss noch auch der hammer hab keine schale und werf mich <span class=\"tz-excerpt-more\">[&hellip;]<\/span><\/p><p class=\"tz-read-more read-more\"><a href=\"https:\/\/www.moutard.de\/wordpress\/hab-keine-krone\/\" class=\"tz-more-link more-link\" rel=\"bookmark\">Weiterlesen<\/a><\/p><\/div><\/article><\/div><div class=\"tz-post-wrap\"><article id=\"post-1369\" class=\"tz-magazine-post post-1369 post tz-type-post status-publish format-standard has-post-thumbnail hentry category-deutsch category-gedichte category-literatur category-satire\"><figure class=\"tz-entry-image entry-image\"><a href=\"https:\/\/www.moutard.de\/wordpress\/konferenz-der-lehrkraefte\/\" rel=\"bookmark\"><img loading=\"lazy\" decoding=\"async\" width=\"1282\" height=\"794\" src=\"https:\/\/www.moutard.de\/wordpress\/wp-content\/uploads\/2017\/07\/schusswunde.jpg\" class=\"attachment-full size-full wp-post-image\" alt=\"\" \/><\/a><\/figure><header class=\"tz-entry-header entry-header\"><h2 class=\"tz-entry-title entry-title\"><a href=\"https:\/\/www.moutard.de\/wordpress\/konferenz-der-lehrkraefte\/\" rel=\"bookmark\">Konferenz der Lehrkr\u00e4fte<\/a><\/h2><div class=\"tz-entry-meta entry-meta\"><span class=\"tz-meta-date meta-date tz-meta-field\"><a href=\"https:\/\/www.moutard.de\/wordpress\/konferenz-der-lehrkraefte\/\" title=\"14:21\" rel=\"bookmark\">09.07.2017<\/a><\/span><span class=\"tz-meta-author meta-author tz-meta-field author vcard\"><a class=\"url fn n\" href=\"https:\/\/www.moutard.de\/wordpress\/author\/moutard\/\" title=\"Alle Beitr\u00e4ge von Moutard anzeigen\" rel=\"author\">Moutard<\/a><\/span><\/div><\/header><div class=\"tz-entry-content entry-content\"><p>Was passiert, wenn die Kenntnis der Literaturgeschichte (hier: Wondratschek, Fr\u00fcher begann der Tag mit einer Schusswunde) mit der Langenweile auf einer Konferenz der Lehrkr\u00e4fte kollidiert? <span class=\"tz-excerpt-more\">[&hellip;]<\/span><\/p><p class=\"tz-read-more read-more\"><a href=\"https:\/\/www.moutard.de\/wordpress\/konferenz-der-lehrkraefte\/\" class=\"tz-more-link more-link\" rel=\"bookmark\">Weiterlesen<\/a><\/p><\/div><\/article><\/div><div class=\"tz-post-wrap\"><article id=\"post-1308\" class=\"tz-magazine-post post-1308 post tz-type-post status-publish format-standard hentry category-gedichte category-literatur category-politik\"><figure class=\"tz-entry-image entry-image\"><a href=\"https:\/\/www.moutard.de\/wordpress\/asylkrise-1997\/\" rel=\"bookmark\"><img loading=\"lazy\" decoding=\"async\" src=\"https:\/\/www.moutard.de\/wordpress\/wp-content\/plugins\/themezee-magazine-blocks\/public\/images\/default-featured-image.png\" class=\"attachment-full size-full wp-post-image\" width=\"1600\" height=\"1200\" alt \/><\/a><\/figure><header class=\"tz-entry-header entry-header\"><h2 class=\"tz-entry-title entry-title\"><a href=\"https:\/\/www.moutard.de\/wordpress\/asylkrise-1997\/\" rel=\"bookmark\">Asylkrise 1997<\/a><\/h2><div class=\"tz-entry-meta entry-meta\"><span class=\"tz-meta-date meta-date tz-meta-field\"><a href=\"https:\/\/www.moutard.de\/wordpress\/asylkrise-1997\/\" title=\"17:36\" rel=\"bookmark\">02.05.2017<\/a><\/span><span class=\"tz-meta-author meta-author tz-meta-field author vcard\"><a class=\"url fn n\" href=\"https:\/\/www.moutard.de\/wordpress\/author\/moutard\/\" title=\"Alle Beitr\u00e4ge von Moutard anzeigen\" rel=\"author\">Moutard<\/a><\/span><\/div><\/header><div class=\"tz-entry-content entry-content\"><p>Vor zwanzig Jahren gab es schon einmal eine Krise mit ganz vielen Leuten, die von unserem Tischelein essen wollten. Dazu fiel mir damals Folgendes ein. <span class=\"tz-excerpt-more\">[&hellip;]<\/span><\/p><p class=\"tz-read-more read-more\"><a href=\"https:\/\/www.moutard.de\/wordpress\/asylkrise-1997\/\" class=\"tz-more-link more-link\" rel=\"bookmark\">Weiterlesen<\/a><\/p><\/div><\/article><\/div><\/div><\/div>","protected":false},"excerpt":{"rendered":"","protected":false},"author":1,"featured_media":0,"parent":0,"menu_order":0,"comment_status":"closed","ping_status":"closed","template":"templates\/template-sidebar-right.php","meta":{"footnotes":""},"class_list":["post-1806","page","type-page","status-publish","hentry"],"_links":{"self":[{"href":"https:\/\/www.moutard.de\/wordpress\/wp-json\/wp\/v2\/pages\/1806","targetHints":{"allow":["GET"]}}],"collection":[{"href":"https:\/\/www.moutard.de\/wordpress\/wp-json\/wp\/v2\/pages"}],"about":[{"href":"https:\/\/www.moutard.de\/wordpress\/wp-json\/wp\/v2\/types\/page"}],"author":[{"embeddable":true,"href":"https:\/\/www.moutard.de\/wordpress\/wp-json\/wp\/v2\/users\/1"}],"replies":[{"embeddable":true,"href":"https:\/\/www.moutard.de\/wordpress\/wp-json\/wp\/v2\/comments?post=1806"}],"version-history":[{"count":3,"href":"https:\/\/www.moutard.de\/wordpress\/wp-json\/wp\/v2\/pages\/1806\/revisions"}],"predecessor-version":[{"id":1810,"href":"https:\/\/www.moutard.de\/wordpress\/wp-json\/wp\/v2\/pages\/1806\/revisions\/1810"}],"wp:attachment":[{"href":"https:\/\/www.moutard.de\/wordpress\/wp-json\/wp\/v2\/media?parent=1806"}],"curies":[{"name":"wp","href":"https:\/\/api.w.org\/{rel}","templated":true}]}}