{"id":1280,"date":"2017-03-18T15:58:31","date_gmt":"2017-03-18T14:58:31","guid":{"rendered":"https:\/\/www.moutard.de\/wordpress\/?page_id=1280"},"modified":"2023-10-28T16:46:47","modified_gmt":"2023-10-28T15:46:47","slug":"viele-schoene-worte","status":"publish","type":"page","link":"https:\/\/www.moutard.de\/wordpress\/spielwiese\/viele-schoene-worte\/","title":{"rendered":"Viele sch\u00f6ne Worte"},"content":{"rendered":"<p>Sammele ich seit Jahrzehnten. Keine Ahnung, welches ich warum sch\u00f6n finde. Aber ich lese sie gern durch, bevor ich einen l\u00e4ngeren Text schreibe. Und vielen Dank an alle, die mir gute W\u00f6rter verraten.<!--more--><\/p>\n<div class=\"gedicht\">ab durch die Mitte \u00b7 abgefeimt \u00b7 abhalftern \u00b7 abklappern \u00b7 abknapsen \u00b7 Ablage rund \u00b7 Abmarsch \u00b7 Absacker \u00b7 abstauben \u00b7 Absteige \u00b7 Achtzehnhundert Blumenkohl \u00b7 Adler-Hack-System \u00b7 Alfanzerei \u00b7 Allotrie \u00b7 Also nochmal von vorn \u00b7 Altlasten \u00b7 am Herzen liegen \u00b7 am Scheideweg \u00b7 angefressen \u00b7 anlustern \u00b7 Anmod \u00b7 anno dunnemals \u00b7 anno Leipzig einundleipzig \u00b7 anpumpen \u00b7 Armleuchter \u00b7 Astroturfing \u00b7 \u00c4tschmann B\u00e4tschmann \u00b7 auf deinen Nacken \u00b7 auf den letzten Dr\u00fccker \u00b7 aufgeweckt \u00b7 aufkreuzen \u00b7 Augenweide \u00b7 aus dem eff eff \u00b7 ausbaldowern \u00b7 ausgefuchst \u00b7 ausgeschlafen \u00b7 aushecken \u00b7 auskundschaften \u00b7 baff \u00b7 bam \u00b7 Bambule \u00b7 Bankster \u00b7 bauchpinseln \u00b7 bedr\u00f6ppelt \u00b7 befeuern \u00b7 belastbar \u00b7 Bemme \u00b7 Beritt \u00b7 Besoffski \u00b7 Besserwisser \u00b7 bewerkstelligen \u00b7 bez\u00fcndet \u00b7 Bier wegtragen \u00b7 bierernst \u00b7 Binsenweisheit \u00b7 Bis Baldrian \u00b7 Bis Danzig \u00b7 Blagen \u00b7 Blaupause \u00b7 Blendwerk \u00b7 blumig \u00b7 Bockshorn \u00b7 Bohei \u00b7 br\u00e4genkl\u00f6terig \u00b7 branzen \u00b7 Brautpreis \u00b7 Brimborium \u00b7 Br\u00f6tchent\u00fcten-Navigation \u00b7 Bruchschaden \u00b7 B\u00fcx \u00b7 Ching Chang Chong \u00b7 Cousinenwirtschaft \u00b7 cruisen \u00b7 Daffke \u00b7 Dampfnase \u00b7 das Hier und Jetzt \u00b7 deichseln \u00b7 Dekulpabilisierungsstrategie \u00b7 Denke \u00b7 derjenige, welcher \u00b7 Dingenskirchen \u00b7 Donnerlittchen \u00b7 Donnerwetter \u00b7 dr\u00e4uend \u00b7 Dreik\u00e4sehoch \u00b7 dreimal schwarzer Kater \u00b7 Dr\u00fcckeberger \u00b7 Dunkelkammer \u00b7 d\u00fcnnh\u00e4utig \u00b7 durchfl\u00f6hen \u00b7 Dusel \u00b7 Dussel \u00b7 duziduziduzi \u00b7 Echoraum \u00b7 Efeu-Liga (Ivy-League) \u00b7 ei der Daus \u00b7 eierkraulen \u00b7 eierlegende Wollmilchsau \u00b7 eine andere Baustelle \u00b7 Einfaltspinsel \u00b7 einschl\u00e4gig \u00b7 Elchtest \u00b7 Elfenbeinturm \u00b7 Ende der Durchsage \u00b7 Ende der Fahnenstange \u00b7 Engelein Engelein flieg! \u00b7 Ente \u00b7 enteisent \u00b7 Erlk\u00f6nig \u00b7 erpicht \u00b7 Eselsohr \u00b7 Estrich \u00b7 Etappenhengst \u00b7 etepetete \u00b7 Eulenspiegelei \u00b7 Euronen \u00b7 faustdick \u00b7 Faxen dicke \u00b7 feixen \u00b7 Fensterrede \u00b7 Festbeleuchtung \u00b7 fiderallala \u00b7 fidibus \u00b7 Filmriss \u00b7 Filterblase \u00b7 Finte \u00b7 Firlefanz \u00b7 fishing for compliments \u00b7 Fisimatenten \u00b7 Flatterband \u00b7 Flickschuster \u00b7 frank und frei \u00b7 Friede Freude Eierkuchen \u00b7 Fr\u00f6mmler \u00b7 fr\u00f6nen \u00b7 fuchsteufelswild \u00b7 Fundgrube \u00b7 Fusel \u00b7 Fussel \u00b7 gang und g\u00e4be \u00b7 g\u00e4ngeln \u00b7 G\u00e4nsebratenspitze \u00b7 ganz ehrlich \u00b7 Gassi \u00b7 Gebetsm\u00fchle \u00b7 Geck \u00b7 Ged\u00f6ns \u00b7 gedrillt \u00b7 Geizhals \u00b7 Gelichter \u00b7 geritzt \u00b7 Gernegro\u00df \u00b7 Gesindel \u00b7 Gesocks \u00b7 Geusenwort \u00b7 gewieft \u00b7 Giftzwerg \u00b7 Gleichschritt \u00b7 glimpflich \u00b7 gotisch \u00b7 grienen \u00b7 Grobian \u00b7 grottenfalsch \u00b7 Gr\u00fcnschnabel \u00b7 Gr\u00fc\u00dfaugust \u00b7 Guhonicopa \u00b7 Haarspalterei \u00b7 Habenichts \u00b7 Habseligkeiten \u00b7 hacke \u00b7 Hacke Spitze eins zwei drei \u00b7 Hackepeter \u00b7 H\u00e4me \u00b7 Hampelmann \u00b7 h\u00e4nderingend \u00b7 Handicap \u00b7 handverlesen \u00b7 haneb\u00fcchen \u00b7 hantieren \u00b7 happa happa \u00b7 happig \u00b7 Hasenbrot \u00b7 hastenichtgesehen \u00b7 hausgemacht \u00b7 hau\u00dfen \u00b7 Heckmeck \u00b7 Heempresche \u00b7 Heidewitzka \u00b7 Heiopei \u00b7 Helfershelfer \u00b7 hellh\u00f6rig \u00b7 Herbststrau\u00df \u00b7 Herr Gesangverein \u00b7 herumfuhrwerken \u00b7 Hickhack \u00b7 hieven \u00b7 Hinterb\u00e4nkler \u00b7 Historiette \u00b7 hochjazzen \u00b7 hochkant rausfliegen \u00b7 hochnotpeinlich \u00b7 Hochstapler \u00b7 hokuspokus fidibus \u00b7 holterdiepolter \u00b7 Holz her \u00b7 Holz hin \u00b7 Honigkuchenpferd \u00b7 hoppe hoppe Reiter \u00b7 Hornhauthobel \u00b7 Hucke \u00b7 huckepack \u00b7 h\u00fcftsteif \u00b7 Hundsfott \u00b7 Husse \u00b7 Hypochonder \u00b7 in petto \u00b7 Jubelperser \u00b7 jucheissassa \u00b7 jupheidi jupheida \u00b7 K\u00e4figfaktoren \u00b7 K\u00e4mpferfundament \u00b7 Kapee \u00b7 Kappes \u00b7 Karacho \u00b7 Karteileiche \u00b7 K\u00e4seglocke \u00b7 Katzenjammer \u00b7 Katzenw\u00e4sche \u00b7 Kauderwelsch \u00b7 Kauz \u00b7 Kaventsmann \u00b7 kiebig \u00b7 kielholen \u00b7 Kindermischen \u00b7 Kindskopf \u00b7 Kinkerlitzchen \u00b7 kirre \u00b7 Kladderadatsch \u00b7 Klammeraffe \u00b7 Klamotten \u00b7 Klappe zu, Affe tot \u00b7 Klapsm\u00fchle \u00b7 klare Kante \u00b7 Klickibunti \u00b7 Klientel \u00b7 Klippschule \u00b7 klitzeklein \u00b7 Klopfapplaus \u00b7 Klumpatsch \u00b7 Knalleffekt \u00b7 kneifen \u00b7 knorke \u00b7 kn\u00fclle \u00b7 Kohldampf \u00b7 K\u00f6hlerglaube \u00b7 Kokolores \u00b7 koppheister \u00b7 Korinthenkacker \u00b7 Korrekturflutwelle \u00b7 Kragenweite \u00b7 krakeelen \u00b7 Krankenschwesterstechschritt \u00b7 kratzb\u00fcrstig \u00b7 kregel \u00b7 kreuzfidel \u00b7 Krimskrams \u00b7 Krisenherd \u00b7 kritteln \u00b7 Krokodilstr\u00e4nen \u00b7 krude \u00b7 K\u00fcchenpsychologie \u00b7 Kuddelmuddel \u00b7 Kult \u00b7 K\u00fcmmergruppe \u00b7 Kunstst\u00fcck \u00b7 kunterbunt \u00b7 Kuratel \u00b7 Kurtisane \u00b7 Kutteln \u00b7 L\u00e4cheln ausknipsen \u00b7 Lackaffe \u00b7 Lackmustest \u00b7 Laffe \u00b7 Lakai \u00b7 Langfinger \u00b7 larifari \u00b7 Latrinenparole \u00b7 Lat\u00fcchte \u00b7 Latzhosenintoleranz \u00b7 lausig \u00b7 lauthals \u00b7 Lefze \u00b7 Leichenbittermiene \u00b7 Leisetreter \u00b7 leutselig \u00b7 Liederjan \u00b7 Lokalmatador \u00b7 Lokalposse \u00b7 lollig \u00b7 L\u00fcckenpresse \u00b7 Lude \u00b7 Lustmolch \u00b7 Makel \u00b7 malizi\u00f6s \u00b7 mannigfaltig \u00b7 Mannomann \u00b7 Marmel \u00b7 Marmel \u00b7 Martinshorn \u00b7 Matratzenhorchdienst \u00b7 Maulaffen \u00b7 maulfaul \u00b7 Maulheld \u00b7 Maulschelle \u00b7 mauscheln \u00b7 mei o mei \u00b7 Meineid \u00b7 meinetwegen \u00b7 Menetekel \u00b7 Menkenke \u00b7 mersebucke \u00b7 messen lassen m\u00fcssen \u00b7 Mief \u00b7 Mietm\u00e4uler \u00b7 Milchm\u00e4dchenrechnung \u00b7 Millionenzettel \u00b7 mir nichts dir nichts \u00b7 Mischmasch \u00b7 Mistfitzenkrebs \u00b7 Mitbringsel \u00b7 mitnichten \u00b7 m\u00f6chtegernarisch \u00b7 molestieren \u00b7 Mottenkiste \u00b7 Muffensausen \u00b7 Mumm \u00b7 Mummenschanz \u00b7 Mumpitz \u00b7 Mundfunk \u00b7 Murmel \u00b7 Muskelprotz \u00b7 Muttiheft \u00b7 M\u00fctze voll Schlaf \u00b7 Nabelschau \u00b7 nagelneu \u00b7 Nagelprobe \u00b7 Narretei \u00b7 Naseweis \u00b7 nassforsch \u00b7 neckisch \u00b7 Nervennahrung \u00b7 Nervens\u00e4ge \u00b7 nesteln \u00b7 Nichtsnutz \u00b7 niegelnagelneu \u00b7 noch und n\u00f6cher \u00b7 notorisch \u00b7 Nuckelpinne \u00b7 nur zu \u00b7 offenes Geheimnis \u00b7 ohne Sinn \u00b7 Ohnemichel \u00b7 Ohrwurm \u00b7 ok\u00e4se \u00b7 Oktobersonne \u00b7 Omme \u00b7 Onkelehe \u00b7 Orkus \u00b7 Pack \u00b7 Pappenheimer \u00b7 Pappenstiel \u00b7 Papperlapapp \u00b7 Pappkamerad \u00b7 Pappnase \u00b7 Peanuts \u00b7 Pechmarie \u00b7 Pechvogel \u00b7 Pegeltrinker \u00b7 Perry Rhodan System \u00b7 Petriedel \u00b7 Petzblock \u00b7 Pfiffikus \u00b7 piekfein \u00b7 piesacken \u00b7 pikobello \u00b7 Pillepalle \u00b7 Pin\u00f6pel \u00b7 pipapo \u00b7 Pleitegeier \u00b7 plemplem \u00b7 Pl\u00fcnnen \u00b7 P\u00f6belei \u00b7 Portokasse \u00b7 Posse \u00b7 Potte \u00b7 Pozilei \u00b7 Pr\u00e4sentierteller \u00b7 Puderquaste \u00b7 Pulk \u00b7 Purzelbaum \u00b7 Pustekuchen \u00b7 putz und munter \u00b7 putzmunter \u00b7 Quacksalber \u00b7 Quartalss\u00e4ufer \u00b7 quietschvergn\u00fcgt \u00b7 Rabatz \u00b7 Rabitz \u00b7 Rabulistik \u00b7 radebrechen \u00b7 R\u00e4delsf\u00fchrer \u00b7 Rambazamba \u00b7 ramponiert \u00b7 Ramsch \u00b7 Randale \u00b7 Rasselbande \u00b7 Ratzefummel \u00b7 ratzen \u00b7 ratzfatz \u00b7 Raubauz \u00b7 R\u00e4uberpistole \u00b7 rechtschaffen \u00b7 Regenbogenfamilie \u00b7 Reibach \u00b7 Rendition \u00b7 Retourkutsche \u00b7 Riese \u00b7 ritze ratze \u00b7 Robinsonade \u00b7 Rochus \u00b7 Rodomontade \u00b7 Rollator \u00b7 Rollheimer \u00b7 ruckedigu \u00b7 R\u00fcffel \u00b7 Ruhmestitel \u00b7 Rumaroma \u00b7 Rumbalotte \u00b7 Sakkerment \u00b7 salbadern \u00b7 Sapperlot \u00b7 sattelfest \u00b7 Satyrspiel \u00b7 sauert\u00f6pfisch \u00b7 Sauregurkenzeit \u00b7 Schabracke \u00b7 Schadenfreude \u00b7 Schalk \u00b7 schalkhaft \u00b7 Schalksernst \u00b7 Schalmei \u00b7 Scharlatan \u00b7 Scharm\u00fctzel \u00b7 Schattenparker \u00b7 scheffeln \u00b7 Scheidebecher \u00b7 Schei\u00dfhausparole \u00b7 Scherpa \u00b7 Scherzartikel \u00b7 Schindluder \u00b7 Schlafm\u00fctze \u00b7 Schlagschatten \u00b7 Schlagzahl \u00b7 Schlaraffenland \u00b7 Schlauberger \u00b7 Schlaukopf \u00b7 Schlaumeier \u00b7 Schlendrian \u00b7 Schlepptau \u00b7 Schlitzohr \u00b7 Schluckspecht \u00b7 Schm\u00e4hschrift \u00b7 schmaler Taler \u00b7 schmallippig \u00b7 Schmiermaxe \u00b7 Schmiss \u00b7 schmissig \u00b7 Schmu \u00b7 Schnapsidee \u00b7 Schnapsnase \u00b7 Schneidersitz \u00b7 Schniedelwutz \u00b7 Schnippchen \u00b7 Schnittgewitter \u00b7 schnodderig \u00b7 Schnulli \u00b7 Schn\u00fcrchen \u00b7 schnurstracks \u00b7 Schofel \u00b7 schofelig \u00b7 schollern \u00b7 Scholli \u00b7 Schrillionen \u00b7 Schrulle \u00b7 schubidu \u00b7 schurigeln \u00b7 Schusters Rappen \u00b7 Schwachmat \u00b7 schwadronieren \u00b7 Schwarte \u00b7 schwarzes Schaf \u00b7 schweinigeln \u00b7 Schweren\u00f6ter \u00b7 Seemannsgarn \u00b7 sengerig \u00b7 Serviervorschlag \u00b7 Sesselfurzer \u00b7 shice \u00b7 Siebenmeilenstiefel \u00b7 Sockenpuppe \u00b7 Soldateska \u00b7 soll hei\u00dfen \u00b7 Sonderling \u00b7 Sonntagsfrage \u00b7 Sonntagsrede \u00b7 Sperenzchen \u00b7 Spiegelfechterei \u00b7 Spie\u00dfrutenlauf \u00b7 spitzfindig \u00b7 Sponsorenwand \u00b7 spornstreichs \u00b7 Spritztour \u00b7 Standesd\u00fcnkel \u00b7 Stechschritt \u00b7 Steigb\u00fcgelhalter \u00b7 Sternstunde \u00b7 Stippvisite \u00b7 stracks \u00b7 Strafpredigt \u00b7 Streicheleinheiten \u00b7 Stresstest \u00b7 Strohfeuer \u00b7 Stulle \u00b7 stutenbissig \u00b7 Stutzer \u00b7 S\u00fcndenbock \u00b7 S\u00fc\u00dfholz \u00b7 S\u00fc\u00dfwassermatrose \u00b7 tada \u00b7 taube Nuss \u00b7 Taugenichts \u00b7 Tausendsassa \u00b7 Techtelmechtel \u00b7 Tekkie \u00b7 Tellerrand \u00b7 Teppichpaternoster \u00b7 Testosteronrangelei \u00b7 Tirade \u00b7 Titelsucht \u00b7 tl;dr \u00b7 Tohuwabohu \u00b7 Tollpasch \u00b7 Topholz \u00b7 t\u00f6richt \u00b7 Transuse \u00b7 Trant\u00fcte \u00b7 trara \u00b7 Traute \u00b7 Treber \u00b7 Tretm\u00fchle \u00b7 Trick 17 \u00b7 Tross \u00b7 tschechisches Streichholzsch\u00e4chtelchen \u00b7 Tschingderassabum \u00b7 tsch\u00fc\u00dfikowski bis baldibaldski \u00b7 T\u00fccke \u00b7 \u00fcbergriffig \u00b7 \u00fcberkandidelt \u00b7 Ulk \u00b7 und ein paar Zerquetschte \u00b7 und und und \u00b7 unerschwinglich \u00b7 unfl\u00e4tig \u00b7 unter aller Kanone \u00b7 unterjubeln \u00b7 Unterschleif \u00b7 unverbr\u00fcchlich \u00b7 unwirsch \u00b7 urst \u00b7 Verballhornung \u00b7 Verb\u00e4rmlichkeit \u00b7 verbr\u00e4mt \u00b7 verd\u00fcnnisieren \u00b7 Verfallsdatum \u00b7 verfranzen \u00b7 vergn\u00fcgungssteuerpflichtig \u00b7 verheddern \u00b7 verhunzen \u00b7 verhuscht \u00b7 verknusen \u00b7 vermasseln \u00b7 vermeintlich \u00b7 verm\u00f6beln \u00b7 verquast \u00b7 verschlimmbessern \u00b7 versemmeln \u00b7 verst\u00f6rend \u00b7 verzapfen \u00b7 Vexierspiel \u00b7 vierschr\u00f6tig \u00b7 Volap\u00fck \u00b7 Vordermann \u00b7 Vorsatz \u00b7 was eine Harke ist \u00b7 Wasser marsch \u00b7 watscheln \u00b7 wegloben \u00b7 weiche Ziele \u00b7 wei\u00dfe Weste \u00b7 Welpenschutz \u00b7 Weltschmerz \u00b7 Wespennest \u00b7 widerborstig \u00b7 Widerlager \u00b7 widerspenstig \u00b7 Wildfang \u00b7 Wischiwaschi \u00b7 wohlfeil \u00b7 wohlgemerkt \u00b7 Wohlstandsmichel \u00b7 Wolkenkuckucksheim \u00b7 wortkarg \u00b7 wurschtepiepe \u00b7 Zahlemann und S\u00f6hne \u00b7 zappenduster \u00b7 Zausel \u00b7 Zeter und Mordio \u00b7 zig \u00b7 Zipperlein \u00b7 zorry \u00b7 Zosse \u00b7 Zuckerschlecken \u00b7 zugkr\u00e4ftig \u00b7 Zukunftsmusik \u00b7 Zweizeiler \u00b7 Zwickm\u00fchle<\/div>\n<p>Stand: M\u00e4rz 2017<\/p>\n","protected":false},"excerpt":{"rendered":"<p>Sammele ich seit Jahrzehnten. Keine Ahnung, welches ich warum sch\u00f6n finde. Aber ich lese sie gern durch, bevor ich einen l\u00e4ngeren Text schreibe. Und vielen [&#8230;]<\/p>\n","protected":false},"author":1,"featured_media":315,"parent":232,"menu_order":0,"comment_status":"closed","ping_status":"closed","template":"","meta":{"footnotes":""},"class_list":["post-1280","page","type-page","status-publish","has-post-thumbnail","hentry"],"_links":{"self":[{"href":"https:\/\/www.moutard.de\/wordpress\/wp-json\/wp\/v2\/pages\/1280","targetHints":{"allow":["GET"]}}],"collection":[{"href":"https:\/\/www.moutard.de\/wordpress\/wp-json\/wp\/v2\/pages"}],"about":[{"href":"https:\/\/www.moutard.de\/wordpress\/wp-json\/wp\/v2\/types\/page"}],"author":[{"embeddable":true,"href":"https:\/\/www.moutard.de\/wordpress\/wp-json\/wp\/v2\/users\/1"}],"replies":[{"embeddable":true,"href":"https:\/\/www.moutard.de\/wordpress\/wp-json\/wp\/v2\/comments?post=1280"}],"version-history":[{"count":4,"href":"https:\/\/www.moutard.de\/wordpress\/wp-json\/wp\/v2\/pages\/1280\/revisions"}],"predecessor-version":[{"id":2319,"href":"https:\/\/www.moutard.de\/wordpress\/wp-json\/wp\/v2\/pages\/1280\/revisions\/2319"}],"up":[{"embeddable":true,"href":"https:\/\/www.moutard.de\/wordpress\/wp-json\/wp\/v2\/pages\/232"}],"wp:featuredmedia":[{"embeddable":true,"href":"https:\/\/www.moutard.de\/wordpress\/wp-json\/wp\/v2\/media\/315"}],"wp:attachment":[{"href":"https:\/\/www.moutard.de\/wordpress\/wp-json\/wp\/v2\/media?parent=1280"}],"curies":[{"name":"wp","href":"https:\/\/api.w.org\/{rel}","templated":true}]}}